{"id":9520,"date":"2019-01-18T12:32:52","date_gmt":"2019-01-18T15:32:52","guid":{"rendered":"https:\/\/elearning.barcainnovationhub.com\/?post_type=product&#038;p=9520"},"modified":"2025-11-10T11:04:54","modified_gmt":"2025-11-10T14:04:54","slug":"certificado-en-psicologia-de-alto-rendimiento-deportivo","status":"publish","type":"product","link":"https:\/\/login.barcainnovationhub.com\/es\/product\/certificado-en-psicologia-de-alto-rendimiento-deportivo\/","title":{"rendered":"Certificado en Psicolog\u00eda de Alto Rendimiento Deportivo"},"content":{"rendered":"","protected":false},"excerpt":{"rendered":"","protected":false},"author":1,"featured_media":0,"comment_status":"open","ping_status":"closed","template":"","meta":{"_acf_changed":true,"footnotes":""},"categories":[290,109,114,215,204,45],"class_list":["post-9520","product","type-product","status-publish","hentry","category-barca-innovation-hub-3-es","category-online-based-programs","category-online-based-programs-es","category-psicologia-es","category-psychology","category-salud-y-bienestar-es"],"acf":{"external_id":"2467","header_image":134152,"column_title":"","titulo_incentivo":"Certificado en Psicolog\u00eda de Alto Rendimiento Deportivo","precio":"625","precio_en_cuotas":"4 cuotas de 156,25","precio_de_lista":"","mostrar_form":false,"duracion_del_curso":"4 meses","nivel_del_curso":"Avanzado","modalidad_cursado":"Online","impartido_en":"Castellano","contenido":"<p>En las \u00faltimas d\u00e9cadas, las distintas disciplinas deportivas han experimentado grandes avances a nivel de formaci\u00f3n en distintos aspectos relacionados con el rendimiento deportivo, como lo son el \u00e1rea t\u00e9cnica, t\u00e1ctica, estrat\u00e9gica, f\u00edsica y nutricional. Sin embargo, la formaci\u00f3n psicol\u00f3gica, a pesar de estar presente en el discurso de las comunidades deportivas, todav\u00eda no posee un espacio formalmente instalado dentro de los cuerpos t\u00e9cnicos de clubes, asociaciones, federaciones, selecciones o escuelas de formaci\u00f3n.<\/p>\n<p>En una era donde el alto rendimiento muestra niveles de performance sumamente desarrollados y similares entre s\u00ed, \u00bfqui\u00e9nes terminan obteniendo ventaja? Aquellos equipos o deportistas individuales que tienen niveles \u00f3ptimos en relaci\u00f3n a su fortaleza mental.<\/p>\n<p>En este Certificado proponemos intervenir con deportistas desde una perspectiva cognitiva-comportamental, teor\u00eda psicol\u00f3gica madre en la cual nos amparamos. Trabajamos con autores de la psicolog\u00eda deportiva que utilizan elementos cognitivo-comportamentales para modificar las conductas de los deportistas a partir de la revisi\u00f3n de su pensamiento y de su regulaci\u00f3n emocional.<\/p>\n","ocultar_video":false,"pdf_brochure":"https:\/\/static.capabiliaserver.com\/frontend\/clients\/barca\/wp_prod\/wp-content\/uploads\/2019\/01\/004bb9d2-certificado-en-psicologia-de-alto-rendimiento-deportivo.pdf","cursos_que_lo_componen":[{"nombre_del_curso":"Liderazgo de Alto Rendimiento","descripcion_del_curso":"<p>M\u00d3DULO 1: EL ROL DEL L\u00cdDER DE ALTO RENDIMIENTO<br \/>\nUnidad 1: Las acciones principales del l\u00edder<br \/>\nUnidad 2: Las habilidades del l\u00edder de alto rendimiento <\/p>\n<p>M\u00d3DULO 2: LAS DIMENSIONES DEL LIDERAZGO DE ALTO RENDIMIENTO<br \/>\nUnidad 1: La productividad<br \/>\nUnidad 2: Clima grupal y desarrollo individual <\/p>\n<p>M\u00d3DULO 3: LAS HERRAMIENTAS COMUNICACIONALES DEL L\u00cdDER DE ALTO RENDIMIENTO<br \/>\nUnidad 1: La entrevista personal<br \/>\nUnidad 2: Las reuniones grupales<\/p>\n<p>M\u00d3DULO 4: M\u00d3DULO INTEGRADOR<\/p>\n"},{"nombre_del_curso":"Fortaleza Mental en Atletas","descripcion_del_curso":"<p>M\u00d3DULO 1: LA FORTALEZA MENTAL EN DEPORTISTAS INDIVIDUALES<br \/>\nUnidad 1: El desarrollo actitudinal<br \/>\nUnidad 2: El entrenamiento de la concentraci\u00f3n <\/p>\n<p>M\u00d3DULO 2: LA FORTALEZA MENTAL EN EQUIPOS DEPORTIVOS<br \/>\nUnidad 1: El desarrollo evolutivo de grupo a equipo<br \/>\nUnidad 2: Las amenazas al equipo deportivo <\/p>\n<p>M\u00d3DULO 3: LA REGULACI\u00d3N EMOCIONAL DEL ENTRENADOR DEPORTIVO<br \/>\nUnidad 1: La regulaci\u00f3n emocional durante el entrenamiento diario<br \/>\nUnidad 2: La regulaci\u00f3n emocional durante la competencia deportiva <\/p>\n<p>M\u00d3DULO 4: M\u00d3DULO INTEGRADOR<\/p>\n"},{"nombre_del_curso":"Claves Psicol\u00f3gicas de Entrenamiento y Competencia de Alto Rendimiento Deportivo","descripcion_del_curso":"<p>M\u00d3DULO 1: LAS FASES PERMANENTES DEL ENTRENAMIENTO DEPORTIVO Y SUS CLAVES MENTALES<br \/>\nUnidad 1: La planificaci\u00f3n y la adherencia. Caracter\u00edsticas y particularidades<br \/>\nUnidad 2: La evaluaci\u00f3n deportiva. Caracter\u00edsticas y particularidades<\/p>\n<p>M\u00d3DULO 2: LAS FASES VARIABLES DEL ENTRENAMIENTO DEPORTIVO<br \/>\nUnidad 1: El aprendizaje de habilidades y el ensayo repetitivo. Claves mentales<br \/>\nUnidad 2: La exposici\u00f3n competitiva y la preparaci\u00f3n espec\u00edfica de la competencia. Claves mentales<\/p>\n<p>M\u00d3DULO 3: LAS CLAVES PSICOL\u00d3GICAS DE LA COMPETENCIA DEPORTIVA<br \/>\nUnidad 1: La pre-competencia y la competencia deportiva. Claves mentales<br \/>\nUnidad 2: La post-competencia deportiva y sus claves mentales <\/p>\n<p>M\u00d3DULO 4: M\u00d3DULO INTEGRADOR<\/p>\n"},{"nombre_del_curso":"Alto Rendimiento Deportivo en Entornos 3.0","descripcion_del_curso":"<p>M\u00d3DULO 1: GESTI\u00d3N DE LA DIVERSIDAD Y ALTO RENDIMIENTO DEPORTIVO<br \/>\nUnidad 1: Rasgos psicosociales de la diversidad generacional en la comunidad deportiva<br \/>\nUnidad 2: Diversidad generacional en procesos de entrenamiento y competencia<\/p>\n<p>M\u00d3DULO 2: PARADIGMAS EDUCATIVOS DE S.XXI INTEGRADOS EN TECNOLOG\u00cdAS DE INFORMACI\u00d3N Y COMUNICACI\u00d3N COMO SOPORTE DEL ALTO RENDIMIENTO DEPORTIVO<br \/>\nUnidad 1: Paradigma educativo de s.XXI y alto rendimiento deportivo<br \/>\nUnidad 2: Redes sociales y alto rendimiento deportivo <\/p>\n<p>M\u00d3DULO 3: DISPOSITIVOS TECNOL\u00d3GICOS DE ENTRENAMIENTO Y PREPARACI\u00d3N ESPEC\u00cdFICA PARA COMPETENCIA<br \/>\nUnidad 1: Fases del entrenamiento integrado\/as en dispositivos tecnol\u00f3gicos de alto rendimiento deportivo<br \/>\nUnidad 2: Softwares online de gesti\u00f3n del rendimiento deportivo <\/p>\n<p>M\u00d3DULO 4: M\u00d3DULO INTEGRADOR<\/p>\n"}],"contenidistas":[{"contenidista":"Lic. C\u00e9sar Bernhardt","descripcion_contenidista":"Gestor de alto rendimiento en equipo y personas."},{"contenidista":"Lic. Claudio Vasalo","descripcion_contenidista":"Gestor de alto rendimiento en equipo y personas."}],"docentes_expertos":[{"foto":"https:\/\/login.barcainnovationhub.com\/wp-content\/uploads\/2019\/01\/83918a9b-joaquin-valdes.jpg","nombre_del_docente":"Joaqu\u00edn Vald\u00e9s","descripcion_del_docente":"Psic\u00f3logo y Coach Deportivo del FC Barcelona (2014-2017).","enlace":""}],"hubspot_product_id":"37312328900","url_video":"https:\/\/www.youtube.com\/embed\/DStRV-xaNjM","aprende_a":[{"item_aprende_a":"Identificar los conceptos centrales relacionados a la direcci\u00f3n de personas y equipos, para aplicarlos en la gesti\u00f3n diaria de los emprendimientos y organizaciones."},{"item_aprende_a":"Manejar herramientas psico-deportivas de gesti\u00f3n de rendimiento."},{"item_aprende_a":"Conocer las fases de preparaci\u00f3n de entrenamiento y competencia desde la perspectiva psicol\u00f3gica."},{"item_aprende_a":"Gestionar la diversidad. "},{"item_aprende_a":"Comprender y gestionar el impacto de tecnolog\u00edas en el \u00e1mbito deportivo."}],"fecha_de_inicio":"10062021","imagen_destacada":"https:\/\/static.capabiliaserver.com\/frontend\/clients\/barca\/wp_prod\/wp-content\/uploads\/2019\/01\/5a5f7f99-certificate-in-psychology-for-high-performance-sports_.jpg","id_magento":"209","producto_path":false,"slidebox":false,"titulo_seccion_testimonios":"","activar_banner_1":false,"banner_1":false,"activar_banner_2":false,"banner_2":false,"activar_banner_3":false,"banner_3":false,"segunda_fecha_de_inicio":"25062024","zona_horaria":"Europe\/Madrid","url_cursado_webinar":"","activar_nuevos_banners":false,"mostrar_banner_1":false,"crear_banner_1":{"utilizar_imagen_unica_para_banner":false,"asignar_imagen_unica_para_banner":false,"mostrar_titulo_banner":false,"titulo_para_banner":"","mostrar_subtitulo_banner":false,"subtitulo_del_banner":"","mostrar_cta_banner":false,"texto_cta_banner":"","url_cta_banner":"","fondo_de_color_banner":"","fondo_de_imagen_banner":false,"mostrar_imagen_izquierda_banner":false,"asignar_imagen_izquierda_banner":false},"mostrar_banner_2":false,"crear_banner_2":{"utilizar_imagen_unica_para_banner":false,"asignar_imagen_unica_para_banner":false,"mostrar_titulo_banner":false,"titulo_para_banner":"","mostrar_subtitulo_banner":false,"subtitulo_del_banner":"","mostrar_cta_banner":false,"texto_cta_banner":"","url_cta_banner":"","fondo_de_color_banner":"","fondo_de_imagen_banner":false,"mostrar_imagen_izquierda_banner":false,"asignar_imagen_izquierda_banner":false},"mostrar_banner_3":false,"crear_banner_3":{"utilizar_imagen_unica_para_banner":false,"asignar_imagen_unica_para_banner":false,"mostrar_titulo_banner":false,"titulo_para_banner":"","mostrar_subtitulo_banner":false,"subtitulo_del_banner":"","mostrar_cta_banner":false,"texto_cta_banner":"","url_cta_banner":"","fondo_de_color_banner":"","fondo_de_imagen_banner":false,"mostrar_imagen_izquierda_banner":false,"asignar_imagen_izquierda_banner":false},"activar_hero_video":false,"video_texto":"","pdf_brochure_link_drive":"https:\/\/drive.google.com\/uc?id=1s6HK4kEKMcdqmN2n5VKS5b9UXXPWA-oN&export=download","fecha_inicio_estatica":"","enable_linkedin_carousel":false,"preguntas_frecuentes":false,"promocion_vigente":"","avalado_por":false},"yoast_head":"<!-- This site is optimized with the Yoast SEO plugin v23.0 - https:\/\/yoast.com\/wordpress\/plugins\/seo\/ -->\n<title>Certificado en Psicolog\u00eda de Alto Rendimiento Deportivo - Bar\u00e7a Innovation Hub<\/title>\n<meta name=\"description\" content=\"En este curso de Psicolog\u00eda deportiva aprender\u00e1s a conocer herramientas psico-deportivas de gesti\u00f3n en alto rendimiento, para aplicarlas en el \u00e1mbito deportivo\" \/>\n<meta name=\"robots\" content=\"index, follow, max-snippet:-1, max-image-preview:large, max-video-preview:-1\" \/>\n<link rel=\"canonical\" href=\"https:\/\/login.barcainnovationhub.com\/es\/product\/certificado-en-psicologia-de-alto-rendimiento-deportivo\/\" \/>\n<meta property=\"og:locale\" content=\"es_ES\" \/>\n<meta property=\"og:type\" content=\"article\" \/>\n<meta property=\"og:title\" content=\"Certificado en Psicolog\u00eda de Alto Rendimiento Deportivo\" \/>\n<meta property=\"og:description\" content=\"En las \u00faltimas d\u00e9cadas, las distintas disciplinas deportivas han experimentado grandes avances a nivel de formaci\u00f3n en distintos aspectos relacionados con el rendimiento deportivo, como lo son el \u00e1rea t\u00e9cnica, t\u00e1ctica, estrat\u00e9gica, f\u00edsica y nutricional. Sin embargo, la formaci\u00f3n psicol\u00f3gica, a pesar de estar presente en el discurso de las comunidades deportivas, todav\u00eda no posee un espacio formalmente instalado dentro de los cuerpos t\u00e9cnicos de clubes, asociaciones, federaciones, selecciones o escuelas de formaci\u00f3n.\" \/>\n<meta property=\"og:url\" content=\"https:\/\/login.barcainnovationhub.com\/es\/product\/certificado-en-psicologia-de-alto-rendimiento-deportivo\/\" \/>\n<meta property=\"og:site_name\" content=\"Bar\u00e7a Innovation Hub\" \/>\n<meta property=\"article:publisher\" content=\"https:\/\/www.facebook.com\/fcbuniversitas\" \/>\n<meta property=\"article:modified_time\" content=\"2025-11-10T14:04:54+00:00\" \/>\n<meta property=\"og:image\" content=\"https:\/\/elearning.barcainnovationhub.com\/wp-content\/uploads\/2019\/01\/b38ddd7b-certificate-in-psychology-for-high-performance-sports-1.jpg\" \/>\n\t<meta property=\"og:image:width\" content=\"1200\" \/>\n\t<meta property=\"og:image:height\" content=\"1200\" \/>\n\t<meta property=\"og:image:type\" content=\"image\/jpeg\" \/>\n<meta name=\"twitter:card\" content=\"summary_large_image\" \/>\n<meta name=\"twitter:title\" content=\"Certificado en Psicolog\u00eda de Alto Rendimiento Deportivo\" \/>\n<meta name=\"twitter:description\" content=\"En las \u00faltimas d\u00e9cadas, las distintas disciplinas deportivas han experimentado grandes avances a nivel de formaci\u00f3n en distintos aspectos relacionados con el rendimiento deportivo, como lo son el \u00e1rea t\u00e9cnica, t\u00e1ctica, estrat\u00e9gica, f\u00edsica y nutricional. Sin embargo, la formaci\u00f3n psicol\u00f3gica, a pesar de estar presente en el discurso de las comunidades deportivas, todav\u00eda no posee un espacio formalmente instalado dentro de los cuerpos t\u00e9cnicos de clubes, asociaciones, federaciones, selecciones o escuelas de formaci\u00f3n.\" \/>\n<meta name=\"twitter:image\" content=\"https:\/\/login.barcainnovationhub.com\/wp-content\/uploads\/2019\/01\/b38ddd7b-certificate-in-psychology-for-high-performance-sports-1.jpg\" \/>\n<meta name=\"twitter:site\" content=\"@BarcaInnoHub\" \/>\n<script type=\"application\/ld+json\" class=\"yoast-schema-graph\">{\"@context\":\"https:\/\/schema.org\",\"@graph\":[{\"@type\":\"WebPage\",\"@id\":\"https:\/\/login.barcainnovationhub.com\/es\/product\/certificado-en-psicologia-de-alto-rendimiento-deportivo\/\",\"url\":\"https:\/\/login.barcainnovationhub.com\/es\/product\/certificado-en-psicologia-de-alto-rendimiento-deportivo\/\",\"name\":\"Certificado en Psicolog\u00eda de Alto Rendimiento Deportivo - Bar\u00e7a Innovation Hub\",\"isPartOf\":{\"@id\":\"https:\/\/elearning.barcainnovationhub.com\/#website\"},\"datePublished\":\"2019-01-18T15:32:52+00:00\",\"dateModified\":\"2025-11-10T14:04:54+00:00\",\"description\":\"En este curso de Psicolog\u00eda deportiva aprender\u00e1s a conocer herramientas psico-deportivas de gesti\u00f3n en alto rendimiento, para aplicarlas en el \u00e1mbito deportivo\",\"breadcrumb\":{\"@id\":\"https:\/\/login.barcainnovationhub.com\/es\/product\/certificado-en-psicologia-de-alto-rendimiento-deportivo\/#breadcrumb\"},\"inLanguage\":\"es\",\"potentialAction\":[{\"@type\":\"ReadAction\",\"target\":[\"https:\/\/login.barcainnovationhub.com\/es\/product\/certificado-en-psicologia-de-alto-rendimiento-deportivo\/\"]}]},{\"@type\":\"BreadcrumbList\",\"@id\":\"https:\/\/login.barcainnovationhub.com\/es\/product\/certificado-en-psicologia-de-alto-rendimiento-deportivo\/#breadcrumb\",\"itemListElement\":[{\"@type\":\"ListItem\",\"position\":1,\"name\":\"Productos\",\"item\":\"https:\/\/login.barcainnovationhub.com\/es\/product\/\"},{\"@type\":\"ListItem\",\"position\":2,\"name\":\"Certificado en Psicolog\u00eda de Alto Rendimiento Deportivo\"}]},{\"@type\":\"WebSite\",\"@id\":\"https:\/\/elearning.barcainnovationhub.com\/#website\",\"url\":\"https:\/\/elearning.barcainnovationhub.com\/\",\"name\":\"Bar\u00e7a Innovation Hub\",\"description\":\"The worldwide centre for sports knowledge and innovation\",\"potentialAction\":[{\"@type\":\"SearchAction\",\"target\":{\"@type\":\"EntryPoint\",\"urlTemplate\":\"https:\/\/elearning.barcainnovationhub.com\/?s={search_term_string}\"},\"query-input\":\"required name=search_term_string\"}],\"inLanguage\":\"es\"}]}<\/script>\n<!-- \/ Yoast SEO plugin. -->","yoast_head_json":{"title":"Certificado en Psicolog\u00eda de Alto Rendimiento Deportivo - Bar\u00e7a Innovation Hub","description":"En este curso de Psicolog\u00eda deportiva aprender\u00e1s a conocer herramientas psico-deportivas de gesti\u00f3n en alto rendimiento, para aplicarlas en el \u00e1mbito deportivo","robots":{"index":"index","follow":"follow","max-snippet":"max-snippet:-1","max-image-preview":"max-image-preview:large","max-video-preview":"max-video-preview:-1"},"canonical":"https:\/\/login.barcainnovationhub.com\/es\/product\/certificado-en-psicologia-de-alto-rendimiento-deportivo\/","og_locale":"es_ES","og_type":"article","og_title":"Certificado en Psicolog\u00eda de Alto Rendimiento Deportivo","og_description":"En las \u00faltimas d\u00e9cadas, las distintas disciplinas deportivas han experimentado grandes avances a nivel de formaci\u00f3n en distintos aspectos relacionados con el rendimiento deportivo, como lo son el \u00e1rea t\u00e9cnica, t\u00e1ctica, estrat\u00e9gica, f\u00edsica y nutricional. Sin embargo, la formaci\u00f3n psicol\u00f3gica, a pesar de estar presente en el discurso de las comunidades deportivas, todav\u00eda no posee un espacio formalmente instalado dentro de los cuerpos t\u00e9cnicos de clubes, asociaciones, federaciones, selecciones o escuelas de formaci\u00f3n.","og_url":"https:\/\/login.barcainnovationhub.com\/es\/product\/certificado-en-psicologia-de-alto-rendimiento-deportivo\/","og_site_name":"Bar\u00e7a Innovation Hub","article_publisher":"https:\/\/www.facebook.com\/fcbuniversitas","article_modified_time":"2025-11-10T14:04:54+00:00","og_image":[{"width":1200,"height":1200,"url":"https:\/\/elearning.barcainnovationhub.com\/wp-content\/uploads\/2019\/01\/b38ddd7b-certificate-in-psychology-for-high-performance-sports-1.jpg","type":"image\/jpeg"}],"twitter_card":"summary_large_image","twitter_title":"Certificado en Psicolog\u00eda de Alto Rendimiento Deportivo","twitter_description":"En las \u00faltimas d\u00e9cadas, las distintas disciplinas deportivas han experimentado grandes avances a nivel de formaci\u00f3n en distintos aspectos relacionados con el rendimiento deportivo, como lo son el \u00e1rea t\u00e9cnica, t\u00e1ctica, estrat\u00e9gica, f\u00edsica y nutricional. Sin embargo, la formaci\u00f3n psicol\u00f3gica, a pesar de estar presente en el discurso de las comunidades deportivas, todav\u00eda no posee un espacio formalmente instalado dentro de los cuerpos t\u00e9cnicos de clubes, asociaciones, federaciones, selecciones o escuelas de formaci\u00f3n.","twitter_image":"https:\/\/login.barcainnovationhub.com\/wp-content\/uploads\/2019\/01\/b38ddd7b-certificate-in-psychology-for-high-performance-sports-1.jpg","twitter_site":"@BarcaInnoHub","schema":{"@context":"https:\/\/schema.org","@graph":[{"@type":"WebPage","@id":"https:\/\/login.barcainnovationhub.com\/es\/product\/certificado-en-psicologia-de-alto-rendimiento-deportivo\/","url":"https:\/\/login.barcainnovationhub.com\/es\/product\/certificado-en-psicologia-de-alto-rendimiento-deportivo\/","name":"Certificado en Psicolog\u00eda de Alto Rendimiento Deportivo - Bar\u00e7a Innovation Hub","isPartOf":{"@id":"https:\/\/elearning.barcainnovationhub.com\/#website"},"datePublished":"2019-01-18T15:32:52+00:00","dateModified":"2025-11-10T14:04:54+00:00","description":"En este curso de Psicolog\u00eda deportiva aprender\u00e1s a conocer herramientas psico-deportivas de gesti\u00f3n en alto rendimiento, para aplicarlas en el \u00e1mbito deportivo","breadcrumb":{"@id":"https:\/\/login.barcainnovationhub.com\/es\/product\/certificado-en-psicologia-de-alto-rendimiento-deportivo\/#breadcrumb"},"inLanguage":"es","potentialAction":[{"@type":"ReadAction","target":["https:\/\/login.barcainnovationhub.com\/es\/product\/certificado-en-psicologia-de-alto-rendimiento-deportivo\/"]}]},{"@type":"BreadcrumbList","@id":"https:\/\/login.barcainnovationhub.com\/es\/product\/certificado-en-psicologia-de-alto-rendimiento-deportivo\/#breadcrumb","itemListElement":[{"@type":"ListItem","position":1,"name":"Productos","item":"https:\/\/login.barcainnovationhub.com\/es\/product\/"},{"@type":"ListItem","position":2,"name":"Certificado en Psicolog\u00eda de Alto Rendimiento Deportivo"}]},{"@type":"WebSite","@id":"https:\/\/elearning.barcainnovationhub.com\/#website","url":"https:\/\/elearning.barcainnovationhub.com\/","name":"Bar\u00e7a Innovation Hub","description":"The worldwide centre for sports knowledge and innovation","potentialAction":[{"@type":"SearchAction","target":{"@type":"EntryPoint","urlTemplate":"https:\/\/elearning.barcainnovationhub.com\/?s={search_term_string}"},"query-input":"required name=search_term_string"}],"inLanguage":"es"}]}},"idiomas":{"en":9518,"es":9520,"ar":81682,"ca":9524,"ru":9520,"pt":9522},"_links":{"self":[{"href":"https:\/\/login.barcainnovationhub.com\/es\/wp-json\/wp\/v2\/products\/9520"}],"collection":[{"href":"https:\/\/login.barcainnovationhub.com\/es\/wp-json\/wp\/v2\/products"}],"about":[{"href":"https:\/\/login.barcainnovationhub.com\/es\/wp-json\/wp\/v2\/types\/product"}],"author":[{"embeddable":true,"href":"https:\/\/login.barcainnovationhub.com\/es\/wp-json\/wp\/v2\/users\/1"}],"replies":[{"embeddable":true,"href":"https:\/\/login.barcainnovationhub.com\/es\/wp-json\/wp\/v2\/comments?post=9520"}],"version-history":[{"count":0,"href":"https:\/\/login.barcainnovationhub.com\/es\/wp-json\/wp\/v2\/products\/9520\/revisions"}],"wp:attachment":[{"href":"https:\/\/login.barcainnovationhub.com\/es\/wp-json\/wp\/v2\/media?parent=9520"}],"wp:term":[{"taxonomy":"category","embeddable":true,"href":"https:\/\/login.barcainnovationhub.com\/es\/wp-json\/wp\/v2\/categories?post=9520"}],"curies":[{"name":"wp","href":"https:\/\/api.w.org\/{rel}","templated":true}]}}