{"id":38420,"date":"2019-10-11T15:44:30","date_gmt":"2019-10-11T18:44:30","guid":{"rendered":"https:\/\/elearning.barcainnovationhub.com\/?post_type=product&#038;p=38420"},"modified":"2025-11-05T11:11:17","modified_gmt":"2025-11-05T14:11:17","slug":"certificado-en-analista-tactico-de-futbol","status":"publish","type":"product","link":"https:\/\/login.barcainnovationhub.com\/es\/product\/certificado-en-analista-tactico-de-futbol\/","title":{"rendered":"Certificado en Analista T\u00e1ctico de F\u00fatbol"},"content":{"rendered":"<p>contenido<\/p>\n","protected":false},"excerpt":{"rendered":"<p>excerpt<\/p>\n","protected":false},"author":16,"featured_media":0,"comment_status":"open","ping_status":"closed","template":"","meta":{"_acf_changed":true,"footnotes":""},"categories":[48,202,213,109,114,209],"class_list":["post-38420","product","type-product","status-publish","hentry","category-analisis-y-tecnologia-deportiva-es","category-football","category-futbol-es","category-online-based-programs","category-online-based-programs-es","category-rendimiento"],"acf":{"external_id":"2480","titulo_curso":"Certificado en Analista T\u00e1ctico de F\u00fatbol","precio":"625","impartido_en":"Castellano","hubspot_product_id":"37750268098","id_magento":"308","header_image":140860,"column_title":"","titulo_incentivo":"Certificado en Analista T\u00e1ctico de F\u00fatbol","fecha_de_inicio":"10072021","precio_en_cuotas":"","precio_de_lista":"","mostrar_form":false,"duracion_del_curso":"4 meses","nivel_del_curso":"Introductorio","modalidad_cursado":"Online","contenido":"<p>Abordamos el Certificado en Analista T\u00e1ctico de F\u00fatbol desde la constataci\u00f3n del crecimiento cuantitativo de la figura del analista y de los departamentos de an\u00e1lisis en los clubes profesionales de f\u00fatbol. Ante la demanda del perfil profesional de analista, surge la necesidad de ordenar y detallar cada una de las funciones que desempe\u00f1a o pueda desempe\u00f1ar en un futuro cercano.<\/p>\n<p>En un entorno cada vez m\u00e1s competitivo, el enorme incremento de los recursos econ\u00f3micos en los clubes profesionales de f\u00fatbol permite que el analista pueda implementar un trabajo organizado y exhaustivo que contribuya a mejorar el rendimiento de los equipos, posicionando a este perfil profesional en un mercado laboral creciente.<\/p>\n<p>Al finalizar el certificado, sabr\u00e1s c\u00f3mo implantar el departamento de an\u00e1lisis en un club de f\u00fatbol concreto, conocer\u00e1s las herramientas tecnol\u00f3gicas que puedes tener a tu disposici\u00f3n y ser\u00e1s capaz de afrontar el proceso de an\u00e1lisis desde una perspectiva hol\u00edstica (an\u00e1lisis propio, rival, entrenamiento, partido, competici\u00f3n, etc.).<\/p>\n","ocultar_video":false,"url_video":"https:\/\/www.youtube.com\/embed\/7a6Pv7V5RRc","cursos_que_lo_componen":[{"nombre_del_curso":"Implantaci\u00f3n y procesos tecnol\u00f3gicos de an\u00e1lisis","descripcion_del_curso":"<p>M\u00d3DULO 1: Departamento de an\u00e1lisis<br \/>\nM\u00d3DULO 2: An\u00e1lisis m\u00e9trico de datos<br \/>\nM\u00d3DULO 3: Procesos audiovisuales<br \/>\nM\u00d3DULO 4: El tagging como medio para el an\u00e1lisis de partidos<\/p>\n"},{"nombre_del_curso":"An\u00e1lisis de equipo propio (autoan\u00e1lisis)","descripcion_del_curso":"<p>M\u00d3DULO 1: An\u00e1lisis Plano Micro<br \/>\nM\u00d3DULO 2: An\u00e1lisis Plano Meso<br \/>\nM\u00d3DULO 3: An\u00e1lisis Plano Macro<br \/>\nM\u00d3DULO 4: An\u00e1lisis del entrenamiento<\/p>\n"},{"nombre_del_curso":"An\u00e1lisis de equipo rival","descripcion_del_curso":"<p>M\u00d3DULO 1: An\u00e1lisis individual del rival<br \/>\nM\u00d3DULO 2: An\u00e1lisis colectivo del rival<br \/>\nM\u00d3DULO 3: Incidencia del an\u00e1lisis del rival en el entrenamiento<br \/>\nM\u00d3DULO 4: Transmisi\u00f3n del an\u00e1lisis del rival al jugador durante el micro ciclo<\/p>\n"},{"nombre_del_curso":"An\u00e1lisis de partido","descripcion_del_curso":"<p>M\u00d3DULO 1: Pre-partido<br \/>\nM\u00d3DULO 2: An\u00e1lisis durante el partido<br \/>\nM\u00d3DULO 3: An\u00e1lisis post-partido<br \/>\nM\u00d3DULO 4: Evaluaci\u00f3n final\u2003<\/p>\n"}],"aprende_a":[{"item_aprende_a":"Ayudar a la correcta implantaci\u00f3n del departamento de an\u00e1lisis en un club de f\u00fatbol y conocer las herramientas tecnol\u00f3gicas actuales en materia de an\u00e1lisis."},{"item_aprende_a":"Organizar y mejorar el conocimiento del propio equipo y su rendimiento a trav\u00e9s del an\u00e1lisis."},{"item_aprende_a":"Mejorar la recogida de informaci\u00f3n sobre el rival y su uso durante los entrenamientos."},{"item_aprende_a":"Adoptar un m\u00e9todo para el an\u00e1lisis durante la competici\u00f3n."}],"contenidistas":[{"contenidista":"Antonio \u00c1ngel Barea Villegas (Jefe de estudios del Certificado)","descripcion_contenidista":"Entrenador UEFA-PRO y analista t\u00e1ctico. Ha sido Analista de rivales de la Selecci\u00f3n Espa\u00f1ola (RFEF) y es Profesor del \u00e1rea de entrenamiento (CEDIFA-RFAF)."},{"contenidista":"Anselmo Ruiz de Alarc\u00f3n Quintero (Profesor)","descripcion_contenidista":"Asesor Externo en An\u00e1lisis de Datos de primer equipo de Athletic Club. Fue responsable de I+D en la cantera de Real Betis. Licenciado en Ciencias de la Actividad F\u00edsica y del Deporte."},{"contenidista":"Marco Tamarit de Toro (Profesor)","descripcion_contenidista":"Entrenador de f\u00fatbol y analista. Ha sido Analista del Real Betis Balompi\u00e9 y del Staff T\u00e9cnico de Bernd Schuster en Dalian Yifang."},{"contenidista":"Enric Soriano Domingo (Profesor)","descripcion_contenidista":"Entrenador de f\u00fatbol y analista t\u00e1ctico. Experiencia en canteras de Levante UD y Valencia CF como entrenador y en UD Ibiza como analista."},{"contenidista":"Matias Pera Lallana (Colaborador)","descripcion_contenidista":"Coordinador y entrenador de f\u00fatbol base."},{"contenidista":"Alex Couto Lago (Colaborador)","descripcion_contenidista":"Entrenador Nacional F\u00fatbol y T\u00e9cnico Deportivo Superior. M\u00e1ster Profesional en F\u00fatbol. Licenciado CC Econ\u00f3micas. Ex entrenador SD Compostela. Analista, consultor. Comentarista TVG."}],"docentes_expertos":[{"foto":false,"nombre_del_docente":"Antol\u00edn Gonzalo Mart\u00edn","descripcion_del_docente":"Entrenador UEFA-PRO y analista t\u00e1ctico. Ha sido Analista Jefe de la Selecci\u00f3n Espa\u00f1ola (RFEF) y de diferentes clubes de primera divisi\u00f3n.","enlace":""}],"producto_path":false,"slidebox":false,"titulo_seccion_testimonios":"","segunda_fecha_de_inicio":"25072021","zona_horaria":"Europe\/Madrid","activar_banner_1":false,"banner_1":false,"activar_banner_2":false,"banner_2":false,"activar_banner_3":false,"banner_3":false,"url_cursado_webinar":"","activar_nuevos_banners":false,"mostrar_banner_1":false,"crear_banner_1":{"utilizar_imagen_unica_para_banner":false,"asignar_imagen_unica_para_banner":false,"mostrar_titulo_banner":false,"titulo_para_banner":"","mostrar_subtitulo_banner":false,"subtitulo_del_banner":"","mostrar_cta_banner":false,"texto_cta_banner":"","url_cta_banner":"","fondo_de_color_banner":"","fondo_de_imagen_banner":false,"mostrar_imagen_izquierda_banner":false,"asignar_imagen_izquierda_banner":false},"mostrar_banner_2":false,"crear_banner_2":{"utilizar_imagen_unica_para_banner":false,"asignar_imagen_unica_para_banner":false,"mostrar_titulo_banner":false,"titulo_para_banner":"","mostrar_subtitulo_banner":false,"subtitulo_del_banner":"","mostrar_cta_banner":false,"texto_cta_banner":"","url_cta_banner":"","fondo_de_color_banner":"","fondo_de_imagen_banner":false,"mostrar_imagen_izquierda_banner":false,"asignar_imagen_izquierda_banner":false},"mostrar_banner_3":false,"crear_banner_3":{"utilizar_imagen_unica_para_banner":false,"asignar_imagen_unica_para_banner":false,"mostrar_titulo_banner":false,"titulo_para_banner":"","mostrar_subtitulo_banner":false,"subtitulo_del_banner":"","mostrar_cta_banner":false,"texto_cta_banner":"","url_cta_banner":"","fondo_de_color_banner":"","fondo_de_imagen_banner":false,"mostrar_imagen_izquierda_banner":false,"asignar_imagen_izquierda_banner":false},"activar_hero_video":false,"video_texto":"134247","pdf_brochure_link_drive":"https:\/\/drive.google.com\/uc?id=1uL7RWXmQaOKEMtf3B6pmURu8CXo_7wA2&export=download","pdf_brochure":"https:\/\/login.barcainnovationhub.com\/wp-content\/uploads\/2019\/10\/6dd96751-certificate-in-football-tactical-analyst.pdf","fecha_inicio_estatica":"","enable_linkedin_carousel":false,"imagen_destacada":"https:\/\/login.barcainnovationhub.com\/wp-content\/uploads\/2019\/10\/88cb266a-certificado-en-analista-tactico-de-futbol.jpg","preguntas_frecuentes":false,"promocion_vigente":"","avalado_por":false},"yoast_head":"<!-- This site is optimized with the Yoast SEO plugin v23.0 - https:\/\/yoast.com\/wordpress\/plugins\/seo\/ -->\n<title>Certificado en Analista T\u00e1ctico de F\u00fatbol - Bar\u00e7a Innovation Hub<\/title>\n<meta name=\"robots\" content=\"index, follow, max-snippet:-1, max-image-preview:large, max-video-preview:-1\" \/>\n<link rel=\"canonical\" href=\"https:\/\/login.barcainnovationhub.com\/es\/product\/certificado-en-analista-tactico-de-futbol\/\" \/>\n<meta property=\"og:locale\" content=\"es_ES\" \/>\n<meta property=\"og:type\" content=\"article\" \/>\n<meta property=\"og:title\" content=\"Certificado en Analista T\u00e1ctico de F\u00fatbol\" \/>\n<meta property=\"og:description\" content=\"Aprende a implantar el departamento de an\u00e1lisis en un club de f\u00fatbol concreto, conoce las herramientas tecnol\u00f3gicas a disposici\u00f3n y s\u00e9 capaz de afrontar el proceso de an\u00e1lisis desde una perspectiva hol\u00edstica (an\u00e1lisis propio, rival, entrenamiento, partido, competici\u00f3n, etc.).\" \/>\n<meta property=\"og:url\" content=\"https:\/\/login.barcainnovationhub.com\/es\/product\/certificado-en-analista-tactico-de-futbol\/\" \/>\n<meta property=\"og:site_name\" content=\"Bar\u00e7a Innovation Hub\" \/>\n<meta property=\"article:publisher\" content=\"https:\/\/www.facebook.com\/fcbuniversitas\" \/>\n<meta property=\"article:modified_time\" content=\"2025-11-05T14:11:17+00:00\" \/>\n<meta property=\"og:image\" content=\"https:\/\/elearning.barcainnovationhub.com\/wp-content\/uploads\/2019\/10\/b8652ac5-certificate-in-football-tactical-analyst.jpg\" \/>\n\t<meta property=\"og:image:width\" content=\"1200\" \/>\n\t<meta property=\"og:image:height\" content=\"1200\" \/>\n\t<meta property=\"og:image:type\" content=\"image\/jpeg\" \/>\n<meta name=\"twitter:card\" content=\"summary_large_image\" \/>\n<meta name=\"twitter:title\" content=\"Certificado en Analista T\u00e1ctico de F\u00fatbol\" \/>\n<meta name=\"twitter:description\" content=\"Aprende a implantar el departamento de an\u00e1lisis en un club de f\u00fatbol concreto, conoce las herramientas tecnol\u00f3gicas a disposici\u00f3n y s\u00e9 capaz de afrontar el proceso de an\u00e1lisis desde una perspectiva hol\u00edstica (an\u00e1lisis propio, rival, entrenamiento, partido, competici\u00f3n, etc.).\" \/>\n<meta name=\"twitter:image\" content=\"https:\/\/login.barcainnovationhub.com\/wp-content\/uploads\/2019\/10\/b8652ac5-certificate-in-football-tactical-analyst.jpg\" \/>\n<meta name=\"twitter:site\" content=\"@BarcaInnoHub\" \/>\n<meta name=\"twitter:label1\" content=\"Tiempo de lectura\" \/>\n\t<meta name=\"twitter:data1\" content=\"1 minuto\" \/>\n<script type=\"application\/ld+json\" class=\"yoast-schema-graph\">{\"@context\":\"https:\/\/schema.org\",\"@graph\":[{\"@type\":\"WebPage\",\"@id\":\"https:\/\/login.barcainnovationhub.com\/es\/product\/certificado-en-analista-tactico-de-futbol\/\",\"url\":\"https:\/\/login.barcainnovationhub.com\/es\/product\/certificado-en-analista-tactico-de-futbol\/\",\"name\":\"Certificado en Analista T\u00e1ctico de F\u00fatbol - Bar\u00e7a Innovation Hub\",\"isPartOf\":{\"@id\":\"https:\/\/elearning.barcainnovationhub.com\/#website\"},\"datePublished\":\"2019-10-11T18:44:30+00:00\",\"dateModified\":\"2025-11-05T14:11:17+00:00\",\"breadcrumb\":{\"@id\":\"https:\/\/login.barcainnovationhub.com\/es\/product\/certificado-en-analista-tactico-de-futbol\/#breadcrumb\"},\"inLanguage\":\"es\",\"potentialAction\":[{\"@type\":\"ReadAction\",\"target\":[\"https:\/\/login.barcainnovationhub.com\/es\/product\/certificado-en-analista-tactico-de-futbol\/\"]}]},{\"@type\":\"BreadcrumbList\",\"@id\":\"https:\/\/login.barcainnovationhub.com\/es\/product\/certificado-en-analista-tactico-de-futbol\/#breadcrumb\",\"itemListElement\":[{\"@type\":\"ListItem\",\"position\":1,\"name\":\"Productos\",\"item\":\"https:\/\/login.barcainnovationhub.com\/es\/product\/\"},{\"@type\":\"ListItem\",\"position\":2,\"name\":\"Certificado en Analista T\u00e1ctico de F\u00fatbol\"}]},{\"@type\":\"WebSite\",\"@id\":\"https:\/\/elearning.barcainnovationhub.com\/#website\",\"url\":\"https:\/\/elearning.barcainnovationhub.com\/\",\"name\":\"Bar\u00e7a Innovation Hub\",\"description\":\"The worldwide centre for sports knowledge and innovation\",\"potentialAction\":[{\"@type\":\"SearchAction\",\"target\":{\"@type\":\"EntryPoint\",\"urlTemplate\":\"https:\/\/elearning.barcainnovationhub.com\/?s={search_term_string}\"},\"query-input\":\"required name=search_term_string\"}],\"inLanguage\":\"es\"}]}<\/script>\n<!-- \/ Yoast SEO plugin. -->","yoast_head_json":{"title":"Certificado en Analista T\u00e1ctico de F\u00fatbol - Bar\u00e7a Innovation Hub","robots":{"index":"index","follow":"follow","max-snippet":"max-snippet:-1","max-image-preview":"max-image-preview:large","max-video-preview":"max-video-preview:-1"},"canonical":"https:\/\/login.barcainnovationhub.com\/es\/product\/certificado-en-analista-tactico-de-futbol\/","og_locale":"es_ES","og_type":"article","og_title":"Certificado en Analista T\u00e1ctico de F\u00fatbol","og_description":"Aprende a implantar el departamento de an\u00e1lisis en un club de f\u00fatbol concreto, conoce las herramientas tecnol\u00f3gicas a disposici\u00f3n y s\u00e9 capaz de afrontar el proceso de an\u00e1lisis desde una perspectiva hol\u00edstica (an\u00e1lisis propio, rival, entrenamiento, partido, competici\u00f3n, etc.).","og_url":"https:\/\/login.barcainnovationhub.com\/es\/product\/certificado-en-analista-tactico-de-futbol\/","og_site_name":"Bar\u00e7a Innovation Hub","article_publisher":"https:\/\/www.facebook.com\/fcbuniversitas","article_modified_time":"2025-11-05T14:11:17+00:00","og_image":[{"width":1200,"height":1200,"url":"https:\/\/elearning.barcainnovationhub.com\/wp-content\/uploads\/2019\/10\/b8652ac5-certificate-in-football-tactical-analyst.jpg","type":"image\/jpeg"}],"twitter_card":"summary_large_image","twitter_title":"Certificado en Analista T\u00e1ctico de F\u00fatbol","twitter_description":"Aprende a implantar el departamento de an\u00e1lisis en un club de f\u00fatbol concreto, conoce las herramientas tecnol\u00f3gicas a disposici\u00f3n y s\u00e9 capaz de afrontar el proceso de an\u00e1lisis desde una perspectiva hol\u00edstica (an\u00e1lisis propio, rival, entrenamiento, partido, competici\u00f3n, etc.).","twitter_image":"https:\/\/login.barcainnovationhub.com\/wp-content\/uploads\/2019\/10\/b8652ac5-certificate-in-football-tactical-analyst.jpg","twitter_site":"@BarcaInnoHub","twitter_misc":{"Tiempo de lectura":"1 minuto"},"schema":{"@context":"https:\/\/schema.org","@graph":[{"@type":"WebPage","@id":"https:\/\/login.barcainnovationhub.com\/es\/product\/certificado-en-analista-tactico-de-futbol\/","url":"https:\/\/login.barcainnovationhub.com\/es\/product\/certificado-en-analista-tactico-de-futbol\/","name":"Certificado en Analista T\u00e1ctico de F\u00fatbol - Bar\u00e7a Innovation Hub","isPartOf":{"@id":"https:\/\/elearning.barcainnovationhub.com\/#website"},"datePublished":"2019-10-11T18:44:30+00:00","dateModified":"2025-11-05T14:11:17+00:00","breadcrumb":{"@id":"https:\/\/login.barcainnovationhub.com\/es\/product\/certificado-en-analista-tactico-de-futbol\/#breadcrumb"},"inLanguage":"es","potentialAction":[{"@type":"ReadAction","target":["https:\/\/login.barcainnovationhub.com\/es\/product\/certificado-en-analista-tactico-de-futbol\/"]}]},{"@type":"BreadcrumbList","@id":"https:\/\/login.barcainnovationhub.com\/es\/product\/certificado-en-analista-tactico-de-futbol\/#breadcrumb","itemListElement":[{"@type":"ListItem","position":1,"name":"Productos","item":"https:\/\/login.barcainnovationhub.com\/es\/product\/"},{"@type":"ListItem","position":2,"name":"Certificado en Analista T\u00e1ctico de F\u00fatbol"}]},{"@type":"WebSite","@id":"https:\/\/elearning.barcainnovationhub.com\/#website","url":"https:\/\/elearning.barcainnovationhub.com\/","name":"Bar\u00e7a Innovation Hub","description":"The worldwide centre for sports knowledge and innovation","potentialAction":[{"@type":"SearchAction","target":{"@type":"EntryPoint","urlTemplate":"https:\/\/elearning.barcainnovationhub.com\/?s={search_term_string}"},"query-input":"required name=search_term_string"}],"inLanguage":"es"}]}},"idiomas":{"en":38417,"es":38420,"ar":38420,"ca":38418,"ru":38420,"pt":38419},"_links":{"self":[{"href":"https:\/\/login.barcainnovationhub.com\/es\/wp-json\/wp\/v2\/products\/38420"}],"collection":[{"href":"https:\/\/login.barcainnovationhub.com\/es\/wp-json\/wp\/v2\/products"}],"about":[{"href":"https:\/\/login.barcainnovationhub.com\/es\/wp-json\/wp\/v2\/types\/product"}],"author":[{"embeddable":true,"href":"https:\/\/login.barcainnovationhub.com\/es\/wp-json\/wp\/v2\/users\/16"}],"replies":[{"embeddable":true,"href":"https:\/\/login.barcainnovationhub.com\/es\/wp-json\/wp\/v2\/comments?post=38420"}],"version-history":[{"count":0,"href":"https:\/\/login.barcainnovationhub.com\/es\/wp-json\/wp\/v2\/products\/38420\/revisions"}],"wp:attachment":[{"href":"https:\/\/login.barcainnovationhub.com\/es\/wp-json\/wp\/v2\/media?parent=38420"}],"wp:term":[{"taxonomy":"category","embeddable":true,"href":"https:\/\/login.barcainnovationhub.com\/es\/wp-json\/wp\/v2\/categories?post=38420"}],"curies":[{"name":"wp","href":"https:\/\/api.w.org\/{rel}","templated":true}]}}