{"id":3454,"date":"2018-03-02T14:59:43","date_gmt":"2018-03-02T17:59:43","guid":{"rendered":"http:\/\/elearning.barcainnovationhub.com\/home\/"},"modified":"2026-03-31T13:05:21","modified_gmt":"2026-03-31T16:05:21","slug":"home","status":"publish","type":"page","link":"https:\/\/login.barcainnovationhub.com\/es\/","title":{"rendered":"Home"},"content":{"rendered":"","protected":false},"excerpt":{"rendered":"","protected":false},"author":1,"featured_media":0,"parent":0,"menu_order":1020,"comment_status":"closed","ping_status":"closed","template":"page-templates\/page-home.php","meta":{"_acf_changed":true,"footnotes":""},"categories":[],"tags":[],"class_list":["post-3454","page","type-page","status-publish","hentry"],"acf":{"slider_hero":[{"tag":"Blog","titulo":"Bar\u00e7a Innovation Hub: un gran laboratorio deportivo para el futuro del deporte","link":"","subtitulo":"","descripcion_corta":"Uno de los principios fundamentales del Bar\u00e7a Innovation Hub es la convicci\u00f3n de que, en la investigaci\u00f3n cient\u00edfica y en los proyectos de innovaci\u00f3n, la colaboraci\u00f3n entre diferentes tipos de entidades genera resultados m\u00e1s eficientes, robustos y adaptados a las necesidades de los usuarios finales. ","imagen_de_fondo":false},{"tag":"Universitas","titulo":"Coach Academy: formaci\u00f3n con ADN Bar\u00e7a","link":"https:\/\/login.barcainnovationhub.com\/es\/coach-academy\/","subtitulo":"","descripcion_corta":"Formar mejores deportistas implica formar a mejores entrenadores. Bar\u00e7a Coach Academy brinda las herramientas te\u00f3ricas y pr\u00e1cticas para el dise\u00f1o e implementaci\u00f3n de programas de entrenamiento, sustentados en la metodolog\u00eda caracter\u00edstica del F\u00fatbol Club Barcelona.","imagen_de_fondo":false}],"slider_2":false,"slider_header":[{"fecha":"","extra_data":"","titulo":"El centro del conocimiento y la innovaci\u00f3n deportiva","subtitulo":"","texto_btn":"CONOCE M\u00c1S","link_btn":"\/es\/acerca-de\/","imagen":"https:\/\/static.capabiliaserver.com\/frontend\/clients\/barca\/wp_prod\/wp-content\/uploads\/2022\/05\/377fd76c-camp-nou-iotwins.jpeg"},{"fecha":"","extra_data":"","titulo":"Certificado en Carga de Trabajo y Lesiones en Deportes de Equipo","subtitulo":"","texto_btn":"CONOCE M\u00c1S","link_btn":"\/es\/product\/certificado-en-carga-de-trabajo-y-lesiones-en-deportes-de-equipo\/","imagen":"https:\/\/login.barcainnovationhub.com\/wp-content\/uploads\/2021\/03\/5763c45b-slider-basket-min.jpeg"},{"fecha":"","extra_data":"","titulo":"Certificado en Analista T\u00e1ctico de F\u00fatbol","subtitulo":"","texto_btn":"CONOCE M\u00c1S","link_btn":"\/es\/product\/certificado-en-analista-tactico-de-futbol\/","imagen":"https:\/\/login.barcainnovationhub.com\/wp-content\/uploads\/2021\/03\/12775525-futbol.jpeg"}],"activar_banner_1":false,"banner_1":false,"activar_banner_2":false,"banner_2":false,"activar_banner_3":false,"banner_3":false,"new_home_blog_title":"\u00daLTIMAS TENDENCIAS","new_home_blog_subtitle":"","nota_destacada":"","notas_relacionadas":"","text_cta_blog":"Ir al blog","url_cta_blog":"es\/principal-blog","activar_nuevos_banners":false,"mostrar_banner_1":false,"crear_banner_1":{"utilizar_imagen_unica_para_banner":false,"asignar_imagen_unica_para_banner":false,"mostrar_titulo_banner":false,"titulo_para_banner":"","mostrar_subtitulo_banner":false,"subtitulo_del_banner":"","mostrar_cta_banner":false,"texto_cta_banner":"","url_cta_banner":"","fondo_de_color_banner":"","fondo_de_imagen_banner":false,"mostrar_imagen_izquierda_banner":false,"asignar_imagen_izquierda_banner":false},"mostrar_banner_2":false,"crear_banner_2":{"utilizar_imagen_unica_para_banner":false,"asignar_imagen_unica_para_banner":false,"mostrar_titulo_banner":false,"titulo_para_banner":"","mostrar_subtitulo_banner":false,"subtitulo_del_banner":"","mostrar_cta_banner":false,"texto_cta_banner":"","url_cta_banner":"","fondo_de_color_banner":"","fondo_de_imagen_banner":false,"mostrar_imagen_izquierda_banner":false,"asignar_imagen_izquierda_banner":false},"mostrar_banner_3":false,"crear_banner_3":{"utilizar_imagen_unica_para_banner":false,"asignar_imagen_unica_para_banner":false,"mostrar_titulo_banner":false,"titulo_para_banner":"","mostrar_subtitulo_banner":false,"subtitulo_del_banner":"","mostrar_cta_banner":false,"texto_cta_banner":"","url_cta_banner":"","fondo_de_color_banner":"","fondo_de_imagen_banner":false,"mostrar_imagen_izquierda_banner":false,"asignar_imagen_izquierda_banner":false},"url_redireccion":"https:\/\/community.barcainnovationhub.com\/wp-login.php","activar_redireccion":true,"\u00bfDesea_redirigir_a_https:barcainnovationhubfcbarcelonacom":"\u00bfDeseas redirigirte al nuevo sitio?","texto_redireccion":"Si adquiriste tu nuevo programa despu\u00e9s del 11 de marzo, te redirigiremos a tu nuevo inicio de sesi\u00f3n."},"yoast_head":"<!-- This site is optimized with the Yoast SEO plugin v23.0 - https:\/\/yoast.com\/wordpress\/plugins\/seo\/ -->\n<title>Home - Bar\u00e7a Innovation Hub<\/title>\n<meta name=\"description\" content=\"Cursos online dise\u00f1ados por expertos del sector deportivo integrado por profesionales del Club y profesionales externos l\u00edderes en sus \u00e1reas de especializaci\u00f3n.\" \/>\n<meta name=\"robots\" content=\"index, follow, max-snippet:-1, max-image-preview:large, max-video-preview:-1\" \/>\n<link rel=\"canonical\" href=\"https:\/\/elearning.barcainnovationhub.com\/es\/\" \/>\n<meta property=\"og:locale\" content=\"es_ES\" \/>\n<meta property=\"og:type\" content=\"article\" \/>\n<meta property=\"og:title\" content=\"Home - Bar\u00e7a Innovation Hub\" \/>\n<meta property=\"og:description\" content=\"Cursos online dise\u00f1ados por expertos del sector deportivo integrado por profesionales del Club y profesionales externos l\u00edderes en sus \u00e1reas de especializaci\u00f3n.\" \/>\n<meta property=\"og:url\" content=\"https:\/\/elearning.barcainnovationhub.com\/es\/\" \/>\n<meta property=\"og:site_name\" content=\"Bar\u00e7a Innovation Hub\" \/>\n<meta property=\"article:publisher\" content=\"https:\/\/www.facebook.com\/fcbuniversitas\" \/>\n<meta property=\"article:modified_time\" content=\"2026-03-31T16:05:21+00:00\" \/>\n<meta name=\"twitter:card\" content=\"summary_large_image\" \/>\n<meta name=\"twitter:site\" content=\"@BarcaInnoHub\" \/>\n<script type=\"application\/ld+json\" class=\"yoast-schema-graph\">{\"@context\":\"https:\/\/schema.org\",\"@graph\":[{\"@type\":\"WebPage\",\"@id\":\"https:\/\/login.barcainnovationhub.com\/es\/\",\"url\":\"https:\/\/elearning.barcainnovationhub.com\/es\/\",\"name\":\"Home - Bar\u00e7a Innovation Hub\",\"isPartOf\":{\"@id\":\"https:\/\/elearning.barcainnovationhub.com\/#website\"},\"datePublished\":\"2018-03-02T17:59:43+00:00\",\"dateModified\":\"2026-03-31T16:05:21+00:00\",\"description\":\"Cursos online dise\u00f1ados por expertos del sector deportivo integrado por profesionales del Club y profesionales externos l\u00edderes en sus \u00e1reas de especializaci\u00f3n.\",\"inLanguage\":\"es\",\"potentialAction\":[{\"@type\":\"ReadAction\",\"target\":[\"https:\/\/elearning.barcainnovationhub.com\/es\/\"]}]},{\"@type\":\"WebSite\",\"@id\":\"https:\/\/elearning.barcainnovationhub.com\/#website\",\"url\":\"https:\/\/elearning.barcainnovationhub.com\/\",\"name\":\"Bar\u00e7a Innovation Hub\",\"description\":\"The worldwide centre for sports knowledge and innovation\",\"potentialAction\":[{\"@type\":\"SearchAction\",\"target\":{\"@type\":\"EntryPoint\",\"urlTemplate\":\"https:\/\/elearning.barcainnovationhub.com\/?s={search_term_string}\"},\"query-input\":\"required name=search_term_string\"}],\"inLanguage\":\"es\"}]}<\/script>\n<!-- \/ Yoast SEO plugin. -->","yoast_head_json":{"title":"Home - Bar\u00e7a Innovation Hub","description":"Cursos online dise\u00f1ados por expertos del sector deportivo integrado por profesionales del Club y profesionales externos l\u00edderes en sus \u00e1reas de especializaci\u00f3n.","robots":{"index":"index","follow":"follow","max-snippet":"max-snippet:-1","max-image-preview":"max-image-preview:large","max-video-preview":"max-video-preview:-1"},"canonical":"https:\/\/elearning.barcainnovationhub.com\/es\/","og_locale":"es_ES","og_type":"article","og_title":"Home - Bar\u00e7a Innovation Hub","og_description":"Cursos online dise\u00f1ados por expertos del sector deportivo integrado por profesionales del Club y profesionales externos l\u00edderes en sus \u00e1reas de especializaci\u00f3n.","og_url":"https:\/\/elearning.barcainnovationhub.com\/es\/","og_site_name":"Bar\u00e7a Innovation Hub","article_publisher":"https:\/\/www.facebook.com\/fcbuniversitas","article_modified_time":"2026-03-31T16:05:21+00:00","twitter_card":"summary_large_image","twitter_site":"@BarcaInnoHub","schema":{"@context":"https:\/\/schema.org","@graph":[{"@type":"WebPage","@id":"https:\/\/login.barcainnovationhub.com\/es\/","url":"https:\/\/elearning.barcainnovationhub.com\/es\/","name":"Home - Bar\u00e7a Innovation Hub","isPartOf":{"@id":"https:\/\/elearning.barcainnovationhub.com\/#website"},"datePublished":"2018-03-02T17:59:43+00:00","dateModified":"2026-03-31T16:05:21+00:00","description":"Cursos online dise\u00f1ados por expertos del sector deportivo integrado por profesionales del Club y profesionales externos l\u00edderes en sus \u00e1reas de especializaci\u00f3n.","inLanguage":"es","potentialAction":[{"@type":"ReadAction","target":["https:\/\/elearning.barcainnovationhub.com\/es\/"]}]},{"@type":"WebSite","@id":"https:\/\/elearning.barcainnovationhub.com\/#website","url":"https:\/\/elearning.barcainnovationhub.com\/","name":"Bar\u00e7a Innovation Hub","description":"The worldwide centre for sports knowledge and innovation","potentialAction":[{"@type":"SearchAction","target":{"@type":"EntryPoint","urlTemplate":"https:\/\/elearning.barcainnovationhub.com\/?s={search_term_string}"},"query-input":"required name=search_term_string"}],"inLanguage":"es"}]}},"_links":{"self":[{"href":"https:\/\/login.barcainnovationhub.com\/es\/wp-json\/wp\/v2\/pages\/3454"}],"collection":[{"href":"https:\/\/login.barcainnovationhub.com\/es\/wp-json\/wp\/v2\/pages"}],"about":[{"href":"https:\/\/login.barcainnovationhub.com\/es\/wp-json\/wp\/v2\/types\/page"}],"author":[{"embeddable":true,"href":"https:\/\/login.barcainnovationhub.com\/es\/wp-json\/wp\/v2\/users\/1"}],"replies":[{"embeddable":true,"href":"https:\/\/login.barcainnovationhub.com\/es\/wp-json\/wp\/v2\/comments?post=3454"}],"version-history":[{"count":0,"href":"https:\/\/login.barcainnovationhub.com\/es\/wp-json\/wp\/v2\/pages\/3454\/revisions"}],"wp:attachment":[{"href":"https:\/\/login.barcainnovationhub.com\/es\/wp-json\/wp\/v2\/media?parent=3454"}],"wp:term":[{"taxonomy":"category","embeddable":true,"href":"https:\/\/login.barcainnovationhub.com\/es\/wp-json\/wp\/v2\/categories?post=3454"},{"taxonomy":"post_tag","embeddable":true,"href":"https:\/\/login.barcainnovationhub.com\/es\/wp-json\/wp\/v2\/tags?post=3454"}],"curies":[{"name":"wp","href":"https:\/\/api.w.org\/{rel}","templated":true}]}}