{"id":149167,"date":"2018-06-05T15:17:39","date_gmt":"2018-06-05T18:17:39","guid":{"rendered":"https:\/\/elearning.barcainnovationhub.com\/faq-2\/"},"modified":"2025-05-26T11:03:23","modified_gmt":"2025-05-26T14:03:23","slug":"faq","status":"publish","type":"page","link":"https:\/\/login.barcainnovationhub.com\/es\/faq\/","title":{"rendered":"FAQ"},"content":{"rendered":"","protected":false},"excerpt":{"rendered":"","protected":false},"author":1,"featured_media":0,"parent":0,"menu_order":957,"comment_status":"closed","ping_status":"closed","template":"page-templates\/faq.php","meta":{"_acf_changed":true,"footnotes":""},"categories":[],"tags":[],"class_list":["post-149167","page","type-page","status-publish","hentry"],"acf":{"titulo":"","subtitulo":"","faq_items":[{"titulo_item":"\u00bfQu\u00e9 es Bar\u00e7a Innovation Hub?","texto_item":"Bar\u00e7a Innovation Hub es el instrumento encargado de proyectar y compartir con el exterior el conocimiento generado por el FC Barcelona. Su misi\u00f3n consiste en crear un centro de renombre internacional para I + D, en la generaci\u00f3n y transmisi\u00f3n de conocimiento, y en la innovaci\u00f3n en el sector deportivo, en colaboraci\u00f3n con las mejores marcas y los profesionales m\u00e1s prestigiosos. Las \u00e1reas clave de aplicaci\u00f3n incluyen los servicios m\u00e9dicos, el rendimiento, la tecnolog\u00eda, los deportes de equipo y las ciencias sociales."},{"titulo_item":"\u00bfEN QU\u00c9 PA\u00cdSES EST\u00c1N DISPONIBLES LOS PROGRAMAS FORMATIVOS DE BAR\u00c7A INNOVATION HUB?","texto_item":"Los programas educativos de Bar\u00e7a Innovation Hub est\u00e1n disponibles en todo el mundo.\r\n"},{"titulo_item":"\u00bfC\u00d3MO SE IMPARTEN LOS CURSOS?","texto_item":"Los programas educativos de Bar\u00e7a Innovation Hub se ofrecen en dos modalidades diferentes: a) Online: estos programas son 100% online y se imparten desde nuestra plataforma de aprendizaje virtual, donde podr\u00e1s encontrar todo el contenido de tu programa. Esto incluye lecturas, clases grabadas, autoevaluaciones, foros y diversos recursos para que puedas estudiar est\u00e9s donde est\u00e9s. Las clases y todos los contenidos est\u00e1n disponibles las 24 horas del d\u00eda, para que puedas conectarte cuando m\u00e1s te convenga. A lo largo del curso contar\u00e1s con soporte, seguimiento y acompa\u00f1amiento online de un experto especializado en la materia del programa, que te ayudar\u00e1 a profundizar en los temas que m\u00e1s te interesen. B) Presencial: los programas educativos presenciales se realizan en su sede en Barcelona, \u200b\u200bEspa\u00f1a. Para ver qu\u00e9 tipo de curso est\u00e1 disponible para el programa que te interesa, visita el cat\u00e1logo y selecci\u00f3nalo.\r\n\r\n"},{"titulo_item":"\u00bfQU\u00c9 REQUISITOS T\u00c9CNICOS NECESITO PARA REALIZAR UN CURSO ONLINE DE BAR\u00c7A INNOVATION HUB?","texto_item":"Puedes estudiar a trav\u00e9s de la plataforma educativa virtual Bar\u00e7a Innovation Hub con los siguientes navegadores de Internet: Internet Explorer (versi\u00f3n 8 o superior), Mozilla Firefox, Google Chrome, Safari, Opera. Sistemas operativos compatibles: Windows, Mac OS, Tablet con iOS 4.2 (o superior), Tablet con Android 2.2 (o superior).\r\n\r\n"},{"titulo_item":"\u00bfCUANTO DURAN LOS PROGRAMAS? ","texto_item":"La duraci\u00f3n depende del tipo de programa formativo que elijas. Los cursos tienen una duraci\u00f3n de un mes. Los programas, entre 2 y 3 meses. Los certificados, 4 meses. Los programas especializados, 5 meses. Los programas avanzados, entre 6 y 7 meses. Los diplomas profesionales, entre 8 y 9 meses. La duraci\u00f3n de los m\u00e1steres (presenciales, semipresenciales u online) var\u00eda seg\u00fan la universidad que los imparta. Para m\u00e1s informaci\u00f3n, accede al cat\u00e1logo y consulta la p\u00e1gina del programa formativo de tu inter\u00e9s.\r\n"},{"titulo_item":"\u00bfSON VALIDAS?","texto_item":"Los cursos y certificados del Bar\u00e7a Innovation Hub forman parte de programas de educaci\u00f3n ejecutiva, que acreditan el desarrollo o adquisici\u00f3n de habilidades y competencias espec\u00edficas. Al finalizar, los participantes estar\u00e1n en condiciones de utilizar herramientas, aplicar t\u00e9cnicas o desarrollar una actividad relacionada con la tem\u00e1tica abordada. Los certificados son emitidos por el Bar\u00e7a Innovation Hub.\r\n\r\nImportante: Se entregar\u00e1 un \u00fanico certificado de participaci\u00f3n solo a quienes completen y aprueben la totalidad del recorrido formativo."},{"titulo_item":"\u00bfCUANDO EMPIEZAN LAS CLASES?","texto_item":"Las fechas de inicio de los cursos, certificaciones y maestr\u00edas dependen del programa que elijas. Para m\u00e1s informaci\u00f3n visita el cat\u00e1logo y selecciona el programa de tu preferencia.\r\n\r\n"},{"titulo_item":"\u00bfCOMO PUEDO CONTACTARLO?","texto_item":"Puede contactarnos a trav\u00e9s del bot\u00f3n de Ayuda, ubicado en la esquina inferior derecha del sitio, a trav\u00e9s de nuestras p\u00e1ginas de redes sociales o a trav\u00e9s de nuestro Centro de Servicio. <A HREF=\"https:\/\/elearning.barcainnovationhub.com\/centro-de-servicio\/\"> Centro de Servicio<\/A>\r\n\r\n"}]},"yoast_head":"<!-- This site is optimized with the Yoast SEO plugin v23.0 - https:\/\/yoast.com\/wordpress\/plugins\/seo\/ -->\n<title>FAQ - Bar\u00e7a Innovation Hub<\/title>\n<meta name=\"robots\" content=\"index, follow, max-snippet:-1, max-image-preview:large, max-video-preview:-1\" \/>\n<link rel=\"canonical\" href=\"https:\/\/login.barcainnovationhub.com\/es\/faq\/\" \/>\n<meta property=\"og:locale\" content=\"es_ES\" \/>\n<meta property=\"og:type\" content=\"article\" \/>\n<meta property=\"og:title\" content=\"FAQ - Bar\u00e7a Innovation Hub\" \/>\n<meta property=\"og:url\" content=\"https:\/\/login.barcainnovationhub.com\/es\/faq\/\" \/>\n<meta property=\"og:site_name\" content=\"Bar\u00e7a Innovation Hub\" \/>\n<meta property=\"article:publisher\" content=\"https:\/\/www.facebook.com\/fcbuniversitas\" \/>\n<meta property=\"article:modified_time\" content=\"2025-05-26T14:03:23+00:00\" \/>\n<meta name=\"twitter:card\" content=\"summary_large_image\" \/>\n<meta name=\"twitter:site\" content=\"@BarcaInnoHub\" \/>\n<script type=\"application\/ld+json\" class=\"yoast-schema-graph\">{\"@context\":\"https:\/\/schema.org\",\"@graph\":[{\"@type\":\"WebPage\",\"@id\":\"https:\/\/login.barcainnovationhub.com\/es\/faq\/\",\"url\":\"https:\/\/login.barcainnovationhub.com\/es\/faq\/\",\"name\":\"FAQ - Bar\u00e7a Innovation Hub\",\"isPartOf\":{\"@id\":\"https:\/\/elearning.barcainnovationhub.com\/#website\"},\"datePublished\":\"2018-06-05T18:17:39+00:00\",\"dateModified\":\"2025-05-26T14:03:23+00:00\",\"inLanguage\":\"es\",\"potentialAction\":[{\"@type\":\"ReadAction\",\"target\":[\"https:\/\/login.barcainnovationhub.com\/es\/faq\/\"]}]},{\"@type\":\"WebSite\",\"@id\":\"https:\/\/elearning.barcainnovationhub.com\/#website\",\"url\":\"https:\/\/elearning.barcainnovationhub.com\/\",\"name\":\"Bar\u00e7a Innovation Hub\",\"description\":\"The worldwide centre for sports knowledge and innovation\",\"potentialAction\":[{\"@type\":\"SearchAction\",\"target\":{\"@type\":\"EntryPoint\",\"urlTemplate\":\"https:\/\/elearning.barcainnovationhub.com\/?s={search_term_string}\"},\"query-input\":\"required name=search_term_string\"}],\"inLanguage\":\"es\"}]}<\/script>\n<!-- \/ Yoast SEO plugin. -->","yoast_head_json":{"title":"FAQ - Bar\u00e7a Innovation Hub","robots":{"index":"index","follow":"follow","max-snippet":"max-snippet:-1","max-image-preview":"max-image-preview:large","max-video-preview":"max-video-preview:-1"},"canonical":"https:\/\/login.barcainnovationhub.com\/es\/faq\/","og_locale":"es_ES","og_type":"article","og_title":"FAQ - Bar\u00e7a Innovation Hub","og_url":"https:\/\/login.barcainnovationhub.com\/es\/faq\/","og_site_name":"Bar\u00e7a Innovation Hub","article_publisher":"https:\/\/www.facebook.com\/fcbuniversitas","article_modified_time":"2025-05-26T14:03:23+00:00","twitter_card":"summary_large_image","twitter_site":"@BarcaInnoHub","schema":{"@context":"https:\/\/schema.org","@graph":[{"@type":"WebPage","@id":"https:\/\/login.barcainnovationhub.com\/es\/faq\/","url":"https:\/\/login.barcainnovationhub.com\/es\/faq\/","name":"FAQ - Bar\u00e7a Innovation Hub","isPartOf":{"@id":"https:\/\/elearning.barcainnovationhub.com\/#website"},"datePublished":"2018-06-05T18:17:39+00:00","dateModified":"2025-05-26T14:03:23+00:00","inLanguage":"es","potentialAction":[{"@type":"ReadAction","target":["https:\/\/login.barcainnovationhub.com\/es\/faq\/"]}]},{"@type":"WebSite","@id":"https:\/\/elearning.barcainnovationhub.com\/#website","url":"https:\/\/elearning.barcainnovationhub.com\/","name":"Bar\u00e7a Innovation Hub","description":"The worldwide centre for sports knowledge and innovation","potentialAction":[{"@type":"SearchAction","target":{"@type":"EntryPoint","urlTemplate":"https:\/\/elearning.barcainnovationhub.com\/?s={search_term_string}"},"query-input":"required name=search_term_string"}],"inLanguage":"es"}]}},"_links":{"self":[{"href":"https:\/\/login.barcainnovationhub.com\/es\/wp-json\/wp\/v2\/pages\/149167"}],"collection":[{"href":"https:\/\/login.barcainnovationhub.com\/es\/wp-json\/wp\/v2\/pages"}],"about":[{"href":"https:\/\/login.barcainnovationhub.com\/es\/wp-json\/wp\/v2\/types\/page"}],"author":[{"embeddable":true,"href":"https:\/\/login.barcainnovationhub.com\/es\/wp-json\/wp\/v2\/users\/1"}],"replies":[{"embeddable":true,"href":"https:\/\/login.barcainnovationhub.com\/es\/wp-json\/wp\/v2\/comments?post=149167"}],"version-history":[{"count":0,"href":"https:\/\/login.barcainnovationhub.com\/es\/wp-json\/wp\/v2\/pages\/149167\/revisions"}],"wp:attachment":[{"href":"https:\/\/login.barcainnovationhub.com\/es\/wp-json\/wp\/v2\/media?parent=149167"}],"wp:term":[{"taxonomy":"category","embeddable":true,"href":"https:\/\/login.barcainnovationhub.com\/es\/wp-json\/wp\/v2\/categories?post=149167"},{"taxonomy":"post_tag","embeddable":true,"href":"https:\/\/login.barcainnovationhub.com\/es\/wp-json\/wp\/v2\/tags?post=149167"}],"curies":[{"name":"wp","href":"https:\/\/api.w.org\/{rel}","templated":true}]}}