{"id":3449,"date":"2018-03-02T14:59:43","date_gmt":"2018-03-02T17:59:43","guid":{"rendered":"http:\/\/elearning.barcainnovationhub.com\/home\/"},"modified":"2022-05-18T16:01:49","modified_gmt":"2022-05-18T19:01:49","slug":"home","status":"publish","type":"page","link":"https:\/\/login.barcainnovationhub.com\/ca\/","title":{"rendered":"Home"},"content":{"rendered":"","protected":false},"excerpt":{"rendered":"","protected":false},"author":1,"featured_media":0,"parent":0,"menu_order":1018,"comment_status":"closed","ping_status":"closed","template":"page-templates\/page-home.php","meta":{"_acf_changed":false,"footnotes":""},"categories":[],"tags":[],"class_list":["post-3449","page","type-page","status-publish","hentry"],"acf":{"slider_hero":[{"tag":"Blog","titulo":"Bar\u00e7a Innovation Hub: un gran laboratori esportiu per al  futur de l\u2019esport","link":null,"subtitulo":"","descripcion_corta":"Un dels principis fonamentals del Bar\u00e7a Innovation Hub \u00e9s la convicci\u00f3 que, en la investigaci\u00f3 cient\u00edfica i en els projectes d\u2019innovaci\u00f3, la col\u00b7laboraci\u00f3 entre diversos tipus d\u2019entitats genera resultats m\u00e9s eficients, firmes i adaptats a les necessitats dels usuaris finals.","imagen_de_fondo":false},{"tag":"Universitas","titulo":"Coach Academy: formaci\u00f3 amb ADN Bar\u00e7a","link":"https:\/\/login.barcainnovationhub.com\/ca\/coach-academy\/","subtitulo":"","descripcion_corta":"Formar millors esportistes implica formar millors entrenadors. Bar\u00e7a Coach Academy ofereix les eines te\u00f2riques i pr\u00e0ctiques per al disseny i la implementaci\u00f3 de programes d\u2019entrenament, sustentats en la metodologia del Futbol Club Barcelona.","imagen_de_fondo":false}],"slider_2":false,"slider_header":[{"fecha":"","extra_data":"","titulo":"El centre de coneixement i la innovaci\u00f3 esportiva","subtitulo":"","texto_btn":"Coneix-lo m\u00e9s","link_btn":"\/ca\/acerca-de\/","imagen":"https:\/\/login.barcainnovationhub.com\/wp-content\/uploads\/2022\/05\/e9285015-espai-barca-scaled.jpg"},{"fecha":"","extra_data":"","titulo":"Certificat en C\u00e0rrega de Treball i Lesions en Esports d\u2019Equip","subtitulo":"","texto_btn":"Coneix-lo m\u00e9s","link_btn":"\/ca\/product\/certificat-en-carrega-de-treball-i-lesions-en-esports-dequip\/","imagen":"https:\/\/login.barcainnovationhub.com\/wp-content\/uploads\/2021\/03\/5763c45b-slider-basket-min.jpeg"},{"fecha":"","extra_data":"","titulo":"Certificat en Analista T\u00e0ctic de Futbol","subtitulo":"","texto_btn":"Coneix-lo m\u00e9s","link_btn":"\/ca\/product\/certificat-en-analista-tactic-de-futbol\/","imagen":"https:\/\/login.barcainnovationhub.com\/wp-content\/uploads\/2021\/03\/12775525-futbol.jpeg"}],"activar_banner_1":false,"banner_1":false,"activar_banner_2":false,"banner_2":false,"activar_banner_3":false,"banner_3":false,"new_home_blog_title":"\u00daLTIMES TEND\u00c8NCIES","nota_destacada":"","notas_relacionadas":"","text_cta_blog":"VES AL BLOG","url_cta_blog":"ca\/principal-blog","new_home_blog_subtitle":"","activar_nuevos_banners":false,"mostrar_banner_1":false,"crear_banner_1":{"utilizar_imagen_unica_para_banner":false,"asignar_imagen_unica_para_banner":false,"mostrar_titulo_banner":false,"titulo_para_banner":"","mostrar_subtitulo_banner":false,"subtitulo_del_banner":"","mostrar_cta_banner":false,"texto_cta_banner":"","url_cta_banner":"","fondo_de_color_banner":"","fondo_de_imagen_banner":false,"mostrar_imagen_izquierda_banner":false,"asignar_imagen_izquierda_banner":false},"mostrar_banner_2":false,"crear_banner_2":{"utilizar_imagen_unica_para_banner":false,"asignar_imagen_unica_para_banner":false,"mostrar_titulo_banner":false,"titulo_para_banner":"","mostrar_subtitulo_banner":false,"subtitulo_del_banner":"","mostrar_cta_banner":false,"texto_cta_banner":"","url_cta_banner":"","fondo_de_color_banner":"","fondo_de_imagen_banner":false,"mostrar_imagen_izquierda_banner":false,"asignar_imagen_izquierda_banner":false},"mostrar_banner_3":false,"crear_banner_3":{"utilizar_imagen_unica_para_banner":false,"asignar_imagen_unica_para_banner":false,"mostrar_titulo_banner":false,"titulo_para_banner":"","mostrar_subtitulo_banner":false,"subtitulo_del_banner":"","mostrar_cta_banner":false,"texto_cta_banner":"","url_cta_banner":"","fondo_de_color_banner":"","fondo_de_imagen_banner":false,"mostrar_imagen_izquierda_banner":false,"asignar_imagen_izquierda_banner":false}},"yoast_head":"<!-- This site is optimized with the Yoast SEO plugin v23.0 - https:\/\/yoast.com\/wordpress\/plugins\/seo\/ -->\n<title>Home - Bar\u00e7a Innovation Hub<\/title>\n<meta name=\"description\" content=\"Programes online, dissenyats per una comunitat d\u2019experts del sector esportiu integrada per professionals del Club i professionals externs l\u00edders a les seves \u00e0rees d\u2019especialitzaci\u00f3.\" \/>\n<meta name=\"robots\" content=\"index, follow, max-snippet:-1, max-image-preview:large, max-video-preview:-1\" \/>\n<link rel=\"canonical\" href=\"https:\/\/login.barcainnovationhub.com\/ca\/\" \/>\n<meta property=\"og:locale\" content=\"ca_ES\" \/>\n<meta property=\"og:type\" content=\"article\" \/>\n<meta property=\"og:title\" content=\"Home - Bar\u00e7a Innovation Hub\" \/>\n<meta property=\"og:description\" content=\"Programes online, dissenyats per una comunitat d\u2019experts del sector esportiu integrada per professionals del Club i professionals externs l\u00edders a les seves \u00e0rees d\u2019especialitzaci\u00f3.\" \/>\n<meta property=\"og:url\" content=\"https:\/\/login.barcainnovationhub.com\/ca\/\" \/>\n<meta property=\"og:site_name\" content=\"Bar\u00e7a Innovation Hub\" \/>\n<meta property=\"article:publisher\" content=\"https:\/\/www.facebook.com\/fcbuniversitas\" \/>\n<meta property=\"article:modified_time\" content=\"2022-05-18T19:01:49+00:00\" \/>\n<meta name=\"twitter:card\" content=\"summary_large_image\" \/>\n<meta name=\"twitter:site\" content=\"@BarcaInnoHub\" \/>\n<script type=\"application\/ld+json\" class=\"yoast-schema-graph\">{\"@context\":\"https:\/\/schema.org\",\"@graph\":[{\"@type\":\"WebPage\",\"@id\":\"https:\/\/login.barcainnovationhub.com\/ca\/\",\"url\":\"https:\/\/login.barcainnovationhub.com\/ca\/\",\"name\":\"Home - Bar\u00e7a Innovation Hub\",\"isPartOf\":{\"@id\":\"https:\/\/elearning.barcainnovationhub.com\/#website\"},\"datePublished\":\"2018-03-02T17:59:43+00:00\",\"dateModified\":\"2022-05-18T19:01:49+00:00\",\"description\":\"Programes online, dissenyats per una comunitat d\u2019experts del sector esportiu integrada per professionals del Club i professionals externs l\u00edders a les seves \u00e0rees d\u2019especialitzaci\u00f3.\",\"inLanguage\":\"ca\",\"potentialAction\":[{\"@type\":\"ReadAction\",\"target\":[\"https:\/\/login.barcainnovationhub.com\/ca\/\"]}]},{\"@type\":\"WebSite\",\"@id\":\"https:\/\/elearning.barcainnovationhub.com\/#website\",\"url\":\"https:\/\/elearning.barcainnovationhub.com\/\",\"name\":\"Bar\u00e7a Innovation Hub\",\"description\":\"The worldwide centre for sports knowledge and innovation\",\"potentialAction\":[{\"@type\":\"SearchAction\",\"target\":{\"@type\":\"EntryPoint\",\"urlTemplate\":\"https:\/\/elearning.barcainnovationhub.com\/?s={search_term_string}\"},\"query-input\":\"required name=search_term_string\"}],\"inLanguage\":\"ca\"}]}<\/script>\n<!-- \/ Yoast SEO plugin. -->","yoast_head_json":{"title":"Home - Bar\u00e7a Innovation Hub","description":"Programes online, dissenyats per una comunitat d\u2019experts del sector esportiu integrada per professionals del Club i professionals externs l\u00edders a les seves \u00e0rees d\u2019especialitzaci\u00f3.","robots":{"index":"index","follow":"follow","max-snippet":"max-snippet:-1","max-image-preview":"max-image-preview:large","max-video-preview":"max-video-preview:-1"},"canonical":"https:\/\/login.barcainnovationhub.com\/ca\/","og_locale":"ca_ES","og_type":"article","og_title":"Home - Bar\u00e7a Innovation Hub","og_description":"Programes online, dissenyats per una comunitat d\u2019experts del sector esportiu integrada per professionals del Club i professionals externs l\u00edders a les seves \u00e0rees d\u2019especialitzaci\u00f3.","og_url":"https:\/\/login.barcainnovationhub.com\/ca\/","og_site_name":"Bar\u00e7a Innovation Hub","article_publisher":"https:\/\/www.facebook.com\/fcbuniversitas","article_modified_time":"2022-05-18T19:01:49+00:00","twitter_card":"summary_large_image","twitter_site":"@BarcaInnoHub","schema":{"@context":"https:\/\/schema.org","@graph":[{"@type":"WebPage","@id":"https:\/\/login.barcainnovationhub.com\/ca\/","url":"https:\/\/login.barcainnovationhub.com\/ca\/","name":"Home - Bar\u00e7a Innovation Hub","isPartOf":{"@id":"https:\/\/elearning.barcainnovationhub.com\/#website"},"datePublished":"2018-03-02T17:59:43+00:00","dateModified":"2022-05-18T19:01:49+00:00","description":"Programes online, dissenyats per una comunitat d\u2019experts del sector esportiu integrada per professionals del Club i professionals externs l\u00edders a les seves \u00e0rees d\u2019especialitzaci\u00f3.","inLanguage":"ca","potentialAction":[{"@type":"ReadAction","target":["https:\/\/login.barcainnovationhub.com\/ca\/"]}]},{"@type":"WebSite","@id":"https:\/\/elearning.barcainnovationhub.com\/#website","url":"https:\/\/elearning.barcainnovationhub.com\/","name":"Bar\u00e7a Innovation Hub","description":"The worldwide centre for sports knowledge and innovation","potentialAction":[{"@type":"SearchAction","target":{"@type":"EntryPoint","urlTemplate":"https:\/\/elearning.barcainnovationhub.com\/?s={search_term_string}"},"query-input":"required name=search_term_string"}],"inLanguage":"ca"}]}},"_links":{"self":[{"href":"https:\/\/login.barcainnovationhub.com\/ca\/wp-json\/wp\/v2\/pages\/3449"}],"collection":[{"href":"https:\/\/login.barcainnovationhub.com\/ca\/wp-json\/wp\/v2\/pages"}],"about":[{"href":"https:\/\/login.barcainnovationhub.com\/ca\/wp-json\/wp\/v2\/types\/page"}],"author":[{"embeddable":true,"href":"https:\/\/login.barcainnovationhub.com\/ca\/wp-json\/wp\/v2\/users\/1"}],"replies":[{"embeddable":true,"href":"https:\/\/login.barcainnovationhub.com\/ca\/wp-json\/wp\/v2\/comments?post=3449"}],"version-history":[{"count":0,"href":"https:\/\/login.barcainnovationhub.com\/ca\/wp-json\/wp\/v2\/pages\/3449\/revisions"}],"wp:attachment":[{"href":"https:\/\/login.barcainnovationhub.com\/ca\/wp-json\/wp\/v2\/media?parent=3449"}],"wp:term":[{"taxonomy":"category","embeddable":true,"href":"https:\/\/login.barcainnovationhub.com\/ca\/wp-json\/wp\/v2\/categories?post=3449"},{"taxonomy":"post_tag","embeddable":true,"href":"https:\/\/login.barcainnovationhub.com\/ca\/wp-json\/wp\/v2\/tags?post=3449"}],"curies":[{"name":"wp","href":"https:\/\/api.w.org\/{rel}","templated":true}]}}