{"id":149165,"date":"2018-06-05T15:17:39","date_gmt":"2018-06-05T18:17:39","guid":{"rendered":"https:\/\/elearning.barcainnovationhub.com\/faq-2\/"},"modified":"2024-08-20T14:23:01","modified_gmt":"2024-08-20T17:23:01","slug":"faq","status":"publish","type":"page","link":"https:\/\/login.barcainnovationhub.com\/ca\/faq\/","title":{"rendered":"FAQ"},"content":{"rendered":"","protected":false},"excerpt":{"rendered":"","protected":false},"author":1,"featured_media":0,"parent":0,"menu_order":957,"comment_status":"closed","ping_status":"closed","template":"page-templates\/faq.php","meta":{"_acf_changed":true,"footnotes":""},"categories":[],"tags":[],"class_list":["post-149165","page","type-page","status-publish","hentry"],"acf":{"titulo":"","subtitulo":"","faq_items":[{"titulo_item":"Qu\u00e8 \u00e9s Bar\u00e7a Innovation Hub?","texto_item":"Bar\u00e7a Innovation Hub \u00e9s l'instrument encarregat de projectar i compartir amb l'exterior el coneixement generat pel FC Barcelona. La seva missi\u00f3 \u00e9s crear un centre de renom internacional per a R + D, generar i transmetre coneixement, i innovar en el sector esportiu, en col\u00b7laboraci\u00f3 amb les millors marques i els professionals m\u00e9s prestigiosos. Les \u00e0rees clau d'aplicaci\u00f3 inclouen els serveis m\u00e8dics, el rendiment, la tecnologia, els esports d'equip i les ci\u00e8ncies socials."},{"titulo_item":"Qu\u00e8 \u00e9s Bar\u00e7a Universitas?","texto_item":"\r\nBar\u00e7a Universitas \u00e9s la fase de transmissi\u00f3 de coneixement de Bar\u00e7a Innovation Hub. El nostre comprom\u00eds \u00e9s compartir el coneixement del club amb la nova generaci\u00f3 de professionals del sector. Per a aix\u00f2, comptem amb un programa l\u00edder de formaci\u00f3 que inclou m\u00e0sters, cursos i seminaris en diferents \u00e0mbits i en col\u00b7laboraci\u00f3 amb les institucions acad\u00e8miques m\u00e9s prestigioses. Els nostres professionals tamb\u00e9 participen d'activitats de divulgaci\u00f3 del coneixement com confer\u00e8ncies o articles en publicacions especialitzades.\r\n"},{"titulo_item":"Quina \u00e9s la modalitat dels cursos?","texto_item":"\r\nEls programes de formaci\u00f3 de Bar\u00e7a Universitas estan disponibles per a tothom.\r\n"},{"titulo_item":"Quins s\u00f3n els requeriments a nivell t\u00e8cnic que necessito per fer un curs virtual de Bar\u00e7a Universitas?","texto_item":"\r\nEls programes de formaci\u00f3 de Bar\u00e7a Universitas s'imparteixen en diferents modalitats: a) Virtual: aquests programes es fan 100 % en l\u00ednia i des de la nostra plataforma virtual d'aprenentatge, on podr\u00e0s trobar tot el contingut del teu programa. Hi inclou lectures, v\u00eddeos, autoavaluacions, f\u00f2rums i diferents recursos per estudiar des d'on estiguis. Les classes i tot el contingut estan disponibles les 24 hores, per la qual cosa pots accedir-hi en qualsevol moment del dia. Durant el curs tindr\u00e0s el suport, seguiment i acompanyament d'un expert virtual especialitzat en la tem\u00e0tica del programa, que et facilitar\u00e0 l'aprofundiment en els temes que siguin m\u00e9s interessants o \u00fatils per tu. b) Presencial: els programes de formaci\u00f3 presencials es duen a terme a la seu corresponent a Barcelona, Espanya. Per con\u00e8ixer quina modalitat est\u00e0 disponible pel programa de formaci\u00f3 que t'interessa, visita el cat\u00e0leg i selecciona'l.\r\n"},{"titulo_item":"Quina durada tenen els programes?","texto_item":"\r\nLa durada dep\u00e8n de la tipologia del programa de formaci\u00f3 que escullis. Els cursos tenen un mes de durada. Els programes, entre 2 i 3 mesos. Certificats, 4 mesos. Programes Especialitzats, 5 mesos. Programes Avan\u00e7ats, entre 6 i 7 mesos. Diplomats, entre 8 i 9 mesos. La durada dels m\u00e0sters (presencials, semipresencials o online) varien d'acord amb la universitat que els imparteix. Per a m\u00e9s informaci\u00f3, dirigeix-te a l'cat\u00e0leg i consulta la p\u00e0gina del programa de formaci\u00f3 del teu inter\u00e8s.\r\n"},{"titulo_item":"Quina validesa tenen?","texto_item":"\r\n\r\nEls cursos i certificats de Bar\u00e7a Innovation Hub pertanyen a programes d'executive education, els quals acrediten el desenvolupament o l'adquisici\u00f3 de compet\u00e8ncies i habilitats espec\u00edfiques. A l'acabar, els participants seran capa\u00e7os d'utilitzar eines, implementar t\u00e8cniques o desenvolupar una activitat relacionada amb la tem\u00e0tica abordada. Els certificats s\u00f3n emesos per Bar\u00e7a Innovation Hub - Universitas.\r\n"},{"titulo_item":"Quan comencen les classes?","texto_item":"\r\nLes dates d'inici dels cursos, certificacions i m\u00e0sters depenen del programa que tri\u00efs. Per tenir m\u00e9s informaci\u00f3 accedeix al cat\u00e0leg i selecciona el programa que vulguis.\r\n"},{"titulo_item":"Com em poso en contacte amb vost\u00e8s?","texto_item":"\r\nEt pots posar en contacte amb nosaltres a trav\u00e9s del bot\u00f3 Ajuda, ubicat al marge inferior dret de la p\u00e0gina web, a trav\u00e9s de les nostres xarxes socials, o mitjan\u00e7ant el nostre Centre de Servei.\r\n"},{"titulo_item":"Com em poso en contacte amb vost\u00e8s?","texto_item":"\r\n\r\nEt pots posar en contacte amb nosaltres a trav\u00e9s del bot\u00f3 Ajuda, ubicat al marge inferior dret de la p\u00e0gina web, a trav\u00e9s de les nostres xarxes socials, o mitjan\u00e7ant el nostre Centre de Servei.\r\n"}]},"yoast_head":"<!-- This site is optimized with the Yoast SEO plugin v23.0 - https:\/\/yoast.com\/wordpress\/plugins\/seo\/ -->\n<title>FAQ - Bar\u00e7a Innovation Hub<\/title>\n<meta name=\"robots\" content=\"index, follow, max-snippet:-1, max-image-preview:large, max-video-preview:-1\" \/>\n<link rel=\"canonical\" href=\"https:\/\/login.barcainnovationhub.com\/ca\/faq\/\" \/>\n<meta property=\"og:locale\" content=\"ca_ES\" \/>\n<meta property=\"og:type\" content=\"article\" \/>\n<meta property=\"og:title\" content=\"FAQ - Bar\u00e7a Innovation Hub\" \/>\n<meta property=\"og:url\" content=\"https:\/\/login.barcainnovationhub.com\/ca\/faq\/\" \/>\n<meta property=\"og:site_name\" content=\"Bar\u00e7a Innovation Hub\" \/>\n<meta property=\"article:publisher\" content=\"https:\/\/www.facebook.com\/fcbuniversitas\" \/>\n<meta property=\"article:modified_time\" content=\"2024-08-20T17:23:01+00:00\" \/>\n<meta name=\"twitter:card\" content=\"summary_large_image\" \/>\n<meta name=\"twitter:site\" content=\"@BarcaInnoHub\" \/>\n<script type=\"application\/ld+json\" class=\"yoast-schema-graph\">{\"@context\":\"https:\/\/schema.org\",\"@graph\":[{\"@type\":\"WebPage\",\"@id\":\"https:\/\/login.barcainnovationhub.com\/ca\/faq\/\",\"url\":\"https:\/\/login.barcainnovationhub.com\/ca\/faq\/\",\"name\":\"FAQ - Bar\u00e7a Innovation Hub\",\"isPartOf\":{\"@id\":\"https:\/\/elearning.barcainnovationhub.com\/#website\"},\"datePublished\":\"2018-06-05T18:17:39+00:00\",\"dateModified\":\"2024-08-20T17:23:01+00:00\",\"inLanguage\":\"ca\",\"potentialAction\":[{\"@type\":\"ReadAction\",\"target\":[\"https:\/\/login.barcainnovationhub.com\/ca\/faq\/\"]}]},{\"@type\":\"WebSite\",\"@id\":\"https:\/\/elearning.barcainnovationhub.com\/#website\",\"url\":\"https:\/\/elearning.barcainnovationhub.com\/\",\"name\":\"Bar\u00e7a Innovation Hub\",\"description\":\"The worldwide centre for sports knowledge and innovation\",\"potentialAction\":[{\"@type\":\"SearchAction\",\"target\":{\"@type\":\"EntryPoint\",\"urlTemplate\":\"https:\/\/elearning.barcainnovationhub.com\/?s={search_term_string}\"},\"query-input\":\"required name=search_term_string\"}],\"inLanguage\":\"ca\"}]}<\/script>\n<!-- \/ Yoast SEO plugin. -->","yoast_head_json":{"title":"FAQ - Bar\u00e7a Innovation Hub","robots":{"index":"index","follow":"follow","max-snippet":"max-snippet:-1","max-image-preview":"max-image-preview:large","max-video-preview":"max-video-preview:-1"},"canonical":"https:\/\/login.barcainnovationhub.com\/ca\/faq\/","og_locale":"ca_ES","og_type":"article","og_title":"FAQ - Bar\u00e7a Innovation Hub","og_url":"https:\/\/login.barcainnovationhub.com\/ca\/faq\/","og_site_name":"Bar\u00e7a Innovation Hub","article_publisher":"https:\/\/www.facebook.com\/fcbuniversitas","article_modified_time":"2024-08-20T17:23:01+00:00","twitter_card":"summary_large_image","twitter_site":"@BarcaInnoHub","schema":{"@context":"https:\/\/schema.org","@graph":[{"@type":"WebPage","@id":"https:\/\/login.barcainnovationhub.com\/ca\/faq\/","url":"https:\/\/login.barcainnovationhub.com\/ca\/faq\/","name":"FAQ - Bar\u00e7a Innovation Hub","isPartOf":{"@id":"https:\/\/elearning.barcainnovationhub.com\/#website"},"datePublished":"2018-06-05T18:17:39+00:00","dateModified":"2024-08-20T17:23:01+00:00","inLanguage":"ca","potentialAction":[{"@type":"ReadAction","target":["https:\/\/login.barcainnovationhub.com\/ca\/faq\/"]}]},{"@type":"WebSite","@id":"https:\/\/elearning.barcainnovationhub.com\/#website","url":"https:\/\/elearning.barcainnovationhub.com\/","name":"Bar\u00e7a Innovation Hub","description":"The worldwide centre for sports knowledge and innovation","potentialAction":[{"@type":"SearchAction","target":{"@type":"EntryPoint","urlTemplate":"https:\/\/elearning.barcainnovationhub.com\/?s={search_term_string}"},"query-input":"required name=search_term_string"}],"inLanguage":"ca"}]}},"_links":{"self":[{"href":"https:\/\/login.barcainnovationhub.com\/ca\/wp-json\/wp\/v2\/pages\/149165"}],"collection":[{"href":"https:\/\/login.barcainnovationhub.com\/ca\/wp-json\/wp\/v2\/pages"}],"about":[{"href":"https:\/\/login.barcainnovationhub.com\/ca\/wp-json\/wp\/v2\/types\/page"}],"author":[{"embeddable":true,"href":"https:\/\/login.barcainnovationhub.com\/ca\/wp-json\/wp\/v2\/users\/1"}],"replies":[{"embeddable":true,"href":"https:\/\/login.barcainnovationhub.com\/ca\/wp-json\/wp\/v2\/comments?post=149165"}],"version-history":[{"count":0,"href":"https:\/\/login.barcainnovationhub.com\/ca\/wp-json\/wp\/v2\/pages\/149165\/revisions"}],"wp:attachment":[{"href":"https:\/\/login.barcainnovationhub.com\/ca\/wp-json\/wp\/v2\/media?parent=149165"}],"wp:term":[{"taxonomy":"category","embeddable":true,"href":"https:\/\/login.barcainnovationhub.com\/ca\/wp-json\/wp\/v2\/categories?post=149165"},{"taxonomy":"post_tag","embeddable":true,"href":"https:\/\/login.barcainnovationhub.com\/ca\/wp-json\/wp\/v2\/tags?post=149165"}],"curies":[{"name":"wp","href":"https:\/\/api.w.org\/{rel}","templated":true}]}}